{"id":105,"date":"2021-01-14T12:26:15","date_gmt":"2021-01-14T12:26:15","guid":{"rendered":"https:\/\/cleanr.lv?page_id=105"},"modified":"2026-02-05T10:30:40","modified_gmt":"2026-02-05T10:30:40","slug":"pilsetvides-uzturesana","status":"publish","type":"page","link":"https:\/\/vizii.lv\/urban\/pilsetvides-uzturesana\/","title":{"rendered":"Par mums"},"content":{"rendered":"","protected":false},"excerpt":{"rendered":"","protected":false},"author":1,"featured_media":0,"parent":0,"menu_order":1,"comment_status":"closed","ping_status":"closed","template":"template-about.php","meta":{"_acf_changed":false,"inline_featured_image":false,"footnotes":""},"class_list":["post-105","page","type-page","status-publish","hentry"],"acf":[],"yoast_head":"<!-- This site is optimized with the Yoast SEO plugin v27.0 - https:\/\/yoast.com\/product\/yoast-seo-wordpress\/ -->\n<title>Pils\u0113tvides uztur\u0113\u0161ana ar 20 gadu pieredzi<\/title>\n<meta name=\"description\" content=\"Vizii Urban - Pils\u0113tvides uztur\u0113\u0161ana vis\u0101 Latvij\u0101. Ar 20 gadu pieredzi Vizii Urban ir zino\u0161s un partneris pa\u0161vald\u012bb\u0101m un uz\u0146\u0113mumiem.\" \/>\n<meta name=\"robots\" content=\"index, follow, max-snippet:-1, max-image-preview:large, max-video-preview:-1\" \/>\n<link rel=\"canonical\" href=\"https:\/\/vizii.lv\/urban\/pilsetvides-uzturesana\/\" \/>\n<meta property=\"og:locale\" content=\"en_US\" \/>\n<meta property=\"og:type\" content=\"article\" \/>\n<meta property=\"og:title\" content=\"Pils\u0113tvides uztur\u0113\u0161ana ar 20 gadu pieredzi\" \/>\n<meta property=\"og:description\" content=\"Vizii Urban - Pils\u0113tvides uztur\u0113\u0161ana vis\u0101 Latvij\u0101. Ar 20 gadu pieredzi Vizii Urban ir zino\u0161s un partneris pa\u0161vald\u012bb\u0101m un uz\u0146\u0113mumiem.\" \/>\n<meta property=\"og:url\" content=\"https:\/\/vizii.lv\/urban\/pilsetvides-uzturesana\/\" \/>\n<meta property=\"og:site_name\" content=\"Urban\" \/>\n<meta property=\"article:modified_time\" content=\"2026-02-05T10:30:40+00:00\" \/>\n<meta name=\"twitter:card\" content=\"summary_large_image\" \/>\n<script type=\"application\/ld+json\" class=\"yoast-schema-graph\">{\"@context\":\"https:\/\/schema.org\",\"@graph\":[{\"@type\":\"WebPage\",\"@id\":\"https:\/\/vizii.lv\/urban\/pilsetvides-uzturesana\/\",\"url\":\"https:\/\/vizii.lv\/urban\/pilsetvides-uzturesana\/\",\"name\":\"Pils\u0113tvides uztur\u0113\u0161ana ar 20 gadu pieredzi\",\"isPartOf\":{\"@id\":\"https:\/\/vizii.lv\/urban\/#website\"},\"datePublished\":\"2021-01-14T12:26:15+00:00\",\"dateModified\":\"2026-02-05T10:30:40+00:00\",\"description\":\"Vizii Urban - Pils\u0113tvides uztur\u0113\u0161ana vis\u0101 Latvij\u0101. Ar 20 gadu pieredzi Vizii Urban ir zino\u0161s un partneris pa\u0161vald\u012bb\u0101m un uz\u0146\u0113mumiem.\",\"inLanguage\":\"en-US\",\"potentialAction\":[{\"@type\":\"ReadAction\",\"target\":[\"https:\/\/vizii.lv\/urban\/pilsetvides-uzturesana\/\"]}]},{\"@type\":\"WebSite\",\"@id\":\"https:\/\/vizii.lv\/urban\/#website\",\"url\":\"https:\/\/vizii.lv\/urban\/\",\"name\":\"Urban\",\"description\":\"\",\"potentialAction\":[{\"@type\":\"SearchAction\",\"target\":{\"@type\":\"EntryPoint\",\"urlTemplate\":\"https:\/\/vizii.lv\/urban\/?s={search_term_string}\"},\"query-input\":{\"@type\":\"PropertyValueSpecification\",\"valueRequired\":true,\"valueName\":\"search_term_string\"}}],\"inLanguage\":\"en-US\"}]}<\/script>\n<!-- \/ Yoast SEO plugin. -->","yoast_head_json":{"title":"Pils\u0113tvides uztur\u0113\u0161ana ar 20 gadu pieredzi","description":"Vizii Urban - Pils\u0113tvides uztur\u0113\u0161ana vis\u0101 Latvij\u0101. Ar 20 gadu pieredzi Vizii Urban ir zino\u0161s un partneris pa\u0161vald\u012bb\u0101m un uz\u0146\u0113mumiem.","robots":{"index":"index","follow":"follow","max-snippet":"max-snippet:-1","max-image-preview":"max-image-preview:large","max-video-preview":"max-video-preview:-1"},"canonical":"https:\/\/vizii.lv\/urban\/pilsetvides-uzturesana\/","og_locale":"en_US","og_type":"article","og_title":"Pils\u0113tvides uztur\u0113\u0161ana ar 20 gadu pieredzi","og_description":"Vizii Urban - Pils\u0113tvides uztur\u0113\u0161ana vis\u0101 Latvij\u0101. Ar 20 gadu pieredzi Vizii Urban ir zino\u0161s un partneris pa\u0161vald\u012bb\u0101m un uz\u0146\u0113mumiem.","og_url":"https:\/\/vizii.lv\/urban\/pilsetvides-uzturesana\/","og_site_name":"Urban","article_modified_time":"2026-02-05T10:30:40+00:00","twitter_card":"summary_large_image","schema":{"@context":"https:\/\/schema.org","@graph":[{"@type":"WebPage","@id":"https:\/\/vizii.lv\/urban\/pilsetvides-uzturesana\/","url":"https:\/\/vizii.lv\/urban\/pilsetvides-uzturesana\/","name":"Pils\u0113tvides uztur\u0113\u0161ana ar 20 gadu pieredzi","isPartOf":{"@id":"https:\/\/vizii.lv\/urban\/#website"},"datePublished":"2021-01-14T12:26:15+00:00","dateModified":"2026-02-05T10:30:40+00:00","description":"Vizii Urban - Pils\u0113tvides uztur\u0113\u0161ana vis\u0101 Latvij\u0101. Ar 20 gadu pieredzi Vizii Urban ir zino\u0161s un partneris pa\u0161vald\u012bb\u0101m un uz\u0146\u0113mumiem.","inLanguage":"en-US","potentialAction":[{"@type":"ReadAction","target":["https:\/\/vizii.lv\/urban\/pilsetvides-uzturesana\/"]}]},{"@type":"WebSite","@id":"https:\/\/vizii.lv\/urban\/#website","url":"https:\/\/vizii.lv\/urban\/","name":"Urban","description":"","potentialAction":[{"@type":"SearchAction","target":{"@type":"EntryPoint","urlTemplate":"https:\/\/vizii.lv\/urban\/?s={search_term_string}"},"query-input":{"@type":"PropertyValueSpecification","valueRequired":true,"valueName":"search_term_string"}}],"inLanguage":"en-US"}]}},"_links":{"self":[{"href":"https:\/\/vizii.lv\/urban\/wp-json\/wp\/v2\/pages\/105","targetHints":{"allow":["GET"]}}],"collection":[{"href":"https:\/\/vizii.lv\/urban\/wp-json\/wp\/v2\/pages"}],"about":[{"href":"https:\/\/vizii.lv\/urban\/wp-json\/wp\/v2\/types\/page"}],"author":[{"embeddable":true,"href":"https:\/\/vizii.lv\/urban\/wp-json\/wp\/v2\/users\/1"}],"replies":[{"embeddable":true,"href":"https:\/\/vizii.lv\/urban\/wp-json\/wp\/v2\/comments?post=105"}],"version-history":[{"count":94,"href":"https:\/\/vizii.lv\/urban\/wp-json\/wp\/v2\/pages\/105\/revisions"}],"predecessor-version":[{"id":4870,"href":"https:\/\/vizii.lv\/urban\/wp-json\/wp\/v2\/pages\/105\/revisions\/4870"}],"wp:attachment":[{"href":"https:\/\/vizii.lv\/urban\/wp-json\/wp\/v2\/media?parent=105"}],"curies":[{"name":"wp","href":"https:\/\/api.w.org\/{rel}","templated":true}]}}