{"id":4413,"date":"2023-03-16T11:59:06","date_gmt":"2023-03-16T11:59:06","guid":{"rendered":"https:\/\/vizii.lv\/urban\/?page_id=4413"},"modified":"2025-03-06T11:11:50","modified_gmt":"2025-03-06T11:11:50","slug":"sikdatnu-politika","status":"publish","type":"page","link":"https:\/\/vizii.lv\/urban\/sikdatnu-politika\/","title":{"rendered":"S\u012bkdat\u0146u politika"},"content":{"rendered":"\n<h3 class=\"wp-block-heading\">1.&nbsp;&nbsp;&nbsp;&nbsp;&nbsp; Visp\u0101r\u012bg\u0101 inform\u0101cija<\/h3>\n\n\n\n<p>Sabiedr\u012bba ar ierobe\u017eotu atbild\u012bbu \u201cVizii Urban\u201d , re\u0123istr\u0101cijas Nr. 40203413376, juridisk\u0101 adrese: Vietalvas iela 5B, LV-1009, R\u012bga, Latvija, elektronisk\u0101 pasta adrese: <a href=\"mailto:info@viziiurban.lv\">info@viziiurban.lv,<\/a> ap\u0146emas nodro\u0161in\u0101t Vizii Urban t\u012bmek\u013ca vietnes https:\/\/vizii.lv\/urban\/ (turpm\u0101k- vietne) un t\u0101s apmekl\u0113t\u0101ju personisk\u0101s inform\u0101cijas dro\u0161\u012bbu un vi\u0146u ties\u012bbu aizsardz\u012bbu, apmekl\u0113jot vietni un iepaz\u012bstoties ar t\u0101s saturu.<\/p>\n\n\n\n<h3 class=\"wp-block-heading\">2.&nbsp;&nbsp;&nbsp;&nbsp;&nbsp; Kas ir s\u012bkdatne?<\/h3>\n\n\n\n<p>S\u012bkdatne ir neliels teksta fails jeb datne, kas tiek saglab\u0101ts lietot\u0101ja ier\u012bc\u0113, kad apmekl\u0113jat t\u012bmek\u013ca vietni, lai fiks\u0113tu inform\u0101ciju par to, k\u0101 m\u0101jaslapas apmekl\u0113t\u0101js ir izmantojis lapu, piem\u0113ram, kad p\u0113d\u0113jo reizi to apmekl\u0113ja un k\u0101da veida inform\u0101ciju mekl\u0113ja. S\u012bkdatnes liek vietnei k\u0101du laiku atcer\u0113ties j\u016bsu iestat\u012bjumus (lietot\u0101jv\u0101rdu, izv\u0113l\u0113to valodu u. tml.) l\u012bdz ar to, kad vien\u0101 apmekl\u0113juma reiz\u0113 p\u0101rl\u016bkojat da\u017e\u0101das vietnes lapas, jums iestat\u012bjumi nav j\u0101nor\u0101da atk\u0101rtoti.<\/p>\n\n\n\n<p>S\u012bkdatnes neidentific\u0113 konkr\u0113tu ier\u012bces lietot\u0101ju un var ieg\u016bt inform\u0101ciju tikai par m\u0101jaslapas lieto\u0161anas paradumiem, bet var izmantot ar\u012b tam, lai izveidotu anon\u012bmu statistiku par m\u016bsu viet\u0146u p\u0101rl\u016bko\u0161anas pieredzi.<\/p>\n\n\n\n<p>S\u012bkdatnes glab\u0101\u0161anas ilgums ier\u012bc\u0113 ir atkar\u012bgs no s\u012bkdatnei atv\u0113l\u0113t\u0101 darb\u012bbas termi\u0146a un konkr\u0113t\u0101 interneta p\u0101rl\u016bka iestat\u012bjumiem.<\/p>\n\n\n\n<p>Apmekl\u0113jot \u0161o vietni, apmekl\u0113t\u0101jam tiek att\u0113lota s\u012bkdat\u0146u josla ar zi\u0146ojumu par to, ka vietn\u0113 tiek izmantotas s\u012bkdatnes. Nospie\u017eot \u201cApstiprin\u0101t visas\/Apstiprin\u0101t atz\u012bm\u0113t\u0101s\u201d, apmekl\u0113t\u0101js apstiprina, ka ir iepazinies ar s\u012bkdat\u0146u izmanto\u0161anas noteikumiem, t.sk. inform\u0101ciju par s\u012bkdatn\u0113m (to izmanto\u0161anas veidiem, izmanto\u0161anas m\u0113r\u0137iem, tre\u0161o personu iesaist\u012b\u0161anu utt.), k\u0101 ar\u012b piekritis konkr\u0113tiem s\u012bkdat\u0146u izmanto\u0161anas iestat\u012bjumiem. Ja lietot\u0101js noklik\u0161\u0137ina uz opcijas piekr\u012btu noteiktas kategorijas s\u012bkdatn\u0113m (poga \u201cApstiprin\u0101t atz\u012bm\u0113t\u0101s\u201d), tas noz\u012bm\u0113s, ka lietot\u0101js ir piekritis vis\u0101m t\u0101s kategorijas s\u012bkdatn\u0113m. Ja apmekl\u0113t\u0101js noklik\u0161\u0137ina uz opcijas \u201cAtteikties\u201d, tas noz\u012bm\u0113, ka apmekl\u0113t\u0101js atsak\u0101s no vis\u0101m s\u012bkdatn\u0113m, par kur\u0101m ir nepiecie\u0161ams ieg\u016bt piekri\u0161anu.<\/p>\n\n\n\n<h3 class=\"wp-block-heading\">3.&nbsp;&nbsp;&nbsp;&nbsp;&nbsp; S\u012bkdat\u0146u veido\u0161anas nol\u016bks un tiesiskais pamats<\/h3>\n\n\n\n<p>S\u012bkdatnes ir nepiecie\u0161amas, lai Vizii Urban var\u0113tu ieg\u016bt inform\u0101ciju par to, k\u0101 apmekl\u0113t\u0101ji izmanto vietnes un, lai Vizii Urban var\u0113tu t\u0101s uzlabot un padar\u012bt lietot\u0101ja pieredzi \u0113rt\u0101ku.<\/p>\n\n\n\n<p>Vizii Urban izmanto da\u017e\u0101da veida s\u012bkdatnes, kas tiek izvietotas p\u0113c noklus\u0113juma (piem\u0113ram, &#8220;nepiecie\u0161am\u0101s&#8221; s\u012bkdatnes), ta\u010du par atsevi\u0161\u0137\u0101m s\u012bkdatn\u0113m, kas tiek izmantotas, piem\u0113ram, statistikas un rekl\u0101mas nol\u016bkiem, Vizii Urban prasa apmekl\u0113t\u0101ju piekri\u0161anu. Sniedzot piekri\u0161anu s\u012bkdat\u0146u josl\u0101, kas tiek par\u0101d\u012bta, kad apmekl\u0113jat vietni, j\u016bs izv\u0113laties, vai at\u013caujat izmantot noteiktas s\u012bkdat\u0146u kategorijas.<\/p>\n\n\n\n<p>Attiec\u012bb\u0101 uz &#8220;nepiecie\u0161amaj\u0101m&#8221; s\u012bkdatn\u0113m lietot\u0101ja piekri\u0161ana netiek pras\u012bta, jo \u0161\u012bs s\u012bkdatnes nodro\u0161ina piln\u012bgu un nep\u0101rtrauktu vietnes satura att\u0113lo\u0161anu, lai j\u016bs var\u0113tu sa\u0146emt atbilsto\u0161u digit\u0101l\u0101s p\u0101rl\u016bko\u0161anas un tie\u0161saistes lieto\u0161anas pieredzi.<\/p>\n\n\n\n<h4 class=\"wp-block-heading\">4.&nbsp;&nbsp;&nbsp;&nbsp;&nbsp; S\u012bkdat\u0146u veidi<\/h4>\n\n\n\n<p>Vizii Urban t\u012bmek\u013ca vietn\u0113s izmanto \u0161\u0101das s\u012bkdatnes:<\/p>\n\n\n<ul id=\"unordered-list-block_64130194de312\" class=\"text-content__list\">\n                        <li class=\"text-content__item\">\n                Sesijas jeb \u012bslaic\u012bg\u0101s s\u012bkdatnes. \u0160\u012bs s\u012bkdatnes pal\u012bdz Vizii Urban t\u012bmek\u013ca vietn\u0113m identific\u0113t, k\u0101 attiec\u012bg\u0101s ier\u012bces lietot\u0101js p\u0101rvietojas pa t\u012bmek\u013cvietni, iegaum\u0113jot iepriek\u0161\u0113j\u0101 lap\u0101 veikt\u0101s darb\u012bbas, k\u0101 ar\u012b nodro\u0161in\u0101t m\u0101jaslapas dro\u0161\u012bbu un pamata funkcionalit\u0101ti. T\u0101s tiek saglab\u0101tas ier\u012bces atmi\u0146\u0101 un past\u0101v tikai l\u012bdz br\u012bdim, kad tiek aizv\u0113rta ier\u012bces interneta p\u0101rl\u016bkprogramma, t. i., s\u012bkdatnes tiek izdz\u0113stas p\u0101rtraucot sesiju konkr\u0113taj\u0101 vietn\u0113 vai gad\u012bjum\u0101, kad iest\u0101jas sesijas noilgums jeb t\u0101 noteikt\u0101 period\u0101 nav bijusi akt\u012bva.\n            <\/li>\n                    <li class=\"text-content__item\">\n                Past\u0101v\u012bg\u0101s s\u012bkdatnes. Past\u0101v\u012bg\u0101s s\u012bkdatnes identific\u0113 J\u016bs, k\u0101 m\u016bsu t\u012bmek\u013cvietnes lietot\u0101ju un jums atgrie\u017eoties Vizii Urban t\u012bmek\u013cvietn\u0113 pal\u012bdz atcer\u0113ties inform\u0101ciju par Jums un par darb\u012bb\u0101m, kuras iepriek\u0161 esat veicis m\u0101jaslap\u0101. \u0160\u012b veida s\u012bkdatnes tiek izmantotas, piem\u0113ram, lai analiz\u0113tu m\u0101jaslapas lietot\u0101ju skaitu, vid\u0113jo laiku, kas pavad\u012bts attiec\u012bgaj\u0101 m\u0101jaslapas sada\u013c\u0101, k\u0101 ar\u012b to, k\u0101 esat nok\u013cuvis m\u0101jaslap\u0101 un k\u0101 t\u0101 tiek lietota. Analiz\u0113jot ieg\u016btos datus, iesp\u0113jams veikt uzlabojumus m\u0101jaslapas darb\u012bb\u0101. \u0160\u0101da veida s\u012bkdatnes tiek saglab\u0101tas j\u016bsu ier\u012bc\u0113 ar, kuru apmekl\u0113jat Vizii Urban t\u012bmek\u013cvietni un netiek dz\u0113stas, kad tiek aizv\u0113rta ier\u012bces interneta p\u0101rl\u016bkprogramma, bet tiek saglab\u0101tas uz iepriek\u0161 defin\u0113tu konkr\u0113tu laika periodu, atkar\u012bb\u0101 no s\u012bkdatnes veida.\n            <\/li>\n                    <li class=\"text-content__item\">\n                Pirm\u0101s puses s\u012bkdatne. Pirm\u0101s puses s\u012bkdatne ir t\u0101, ko izveido Vizii Urban t\u012bmek\u013cvietne un t\u0101 nekop\u012bgo inform\u0101ciju ar cit\u0101m vietn\u0113m vai reklam\u0113\u0161anas partneriem. \u0160\u0101da veida s\u012bkdatni ir, iesp\u0113jams, atpaz\u012bt p\u0113c Vizii Urban t\u012bmek\u013cvietnes dom\u0113na nosaukuma.\n            <\/li>\n                    <li class=\"text-content__item\">\n                Tre\u0161\u0101s puses s\u012bkdatne Tre\u0161\u0101s puses s\u012bkdatnes, piem\u0113ram, Google vai YouTube, ir s\u012bkdatnes no t\u012bmek\u013cvietn\u0113m, kas nepieder Vizii Urban. \u0160\u0101du viet\u0146u dom\u0113na nosaukumi   at\u0161\u0137iras no Vizii Urban t\u012bmek\u013cvietnes dom\u0113na. Tre\u0161\u0101s puses s\u012bkdatnes ar\u012b var tikt saglab\u0101tas j\u016bsu ier\u012bc\u0113, no kuras p\u0101rl\u016bkojat Vizii Urban t\u012bmek\u013cvietni. Lai iepaz\u012btos ar \u0161o tre\u0161o pu\u0161u s\u012bkdat\u0146u p\u0101rvald\u012bbas politiku, Jums ir j\u0101apmekl\u0113 attiec\u012bg\u0101s tre\u0161o pu\u0161u vietnes.\n            <\/li>\n            <\/ul>\n\n\n<h4 class=\"wp-block-heading\">5.&nbsp;&nbsp;&nbsp;&nbsp;&nbsp; Vietn\u0113 lietoto s\u012bkdat\u0146u saraksts:<\/h4>\n\n\n\n<p>Nepiecie\u0161am\u0101s s\u012bkdatnes<\/p>\n\n\n\n<p>Nepiecie\u0161am\u0101s s\u012bkdatnes ir b\u016btiskas un t\u0101s jums \u013cauj piek\u013c\u016bt da\u017e\u0101d\u0101m t\u012bmek\u013ca vietnes da\u013c\u0101m. \u0160\u012bs s\u012bkdatnes tiek saglab\u0101tas j\u016bsu dator\u0101, viedt\u0101lrun\u012b, plan\u0161etdator\u0101 vai cit\u0101 ier\u012bc\u0113 vietnes apmekl\u0113juma un p\u0101rl\u016bko\u0161anas laik\u0101 vai noteikt\u0101 laika period\u0101. T\u0101s tiek iestat\u012btas, rea\u0123\u0113jot uz j\u016bsu darb\u012bb\u0101m, kas ir uzskat\u0101mas par pakalpojuma piepras\u012b\u0161anu, piem\u0113ram, priv\u0101tuma preferen\u010du iestat\u012b\u0161ana, pierakst\u012b\u0161an\u0101s vai veidlapu aizpild\u012b\u0161ana. \u0160\u012bs s\u012bkdatnes ir nepiecie\u0161amas t\u012bmek\u013ca vietnes darb\u012bbai, t\u0101p\u0113c t\u0101s nevar izsl\u0113gt, un t\u0101d\u0113\u013c lietot\u0101ja piekri\u0161ana \u0161ai s\u012bkdat\u0146u kategorijai netiek pras\u012bta.<\/p>\n\n\n\n<figure class=\"wp-block-table\"><table><tbody><tr><td class=\"has-text-align-center\" data-align=\"center\">Nosaukums<\/td><td class=\"has-text-align-center\" data-align=\"center\">Izvietot\u0101js<\/td><td class=\"has-text-align-center\" data-align=\"center\">Nol\u016bks<\/td><td class=\"has-text-align-center\" data-align=\"center\">Termi\u0146\u0161<\/td><td class=\"has-text-align-center\" data-align=\"center\">Veids<\/td><\/tr><tr><td class=\"has-text-align-center\" data-align=\"center\">CookieConsent<\/td><td class=\"has-text-align-center\" data-align=\"center\">vizii.lv<\/td><td class=\"has-text-align-center\" data-align=\"center\">Saglab\u0101 lietot\u0101ja<br>s\u012bkfailu piekri\u0161anas<br>statusu pa\u0161reiz\u0113jam<br>dom\u0113nam.<\/td><td class=\"has-text-align-center\" data-align=\"center\">1 gads<\/td><td class=\"has-text-align-center\" data-align=\"center\">HTTP<\/td><\/tr><tr><td class=\"has-text-align-center\" data-align=\"center\">vuex<\/td><td class=\"has-text-align-center\" data-align=\"center\">cleanr.ucontactcloud. com<\/td><td class=\"has-text-align-center\" data-align=\"center\">Re\u0123istr\u0113, vai lietot\u0101js <br>ir pieteicies. Tas \u013cauj <br>vietnes \u012bpa\u0161niekam <br>padar\u012bt vietnes da\u013cas <br>nepieejamas, <br>pamatojoties uz lietot\u0101ja <br>pieteik\u0161an\u0101s statusu.<\/td><td class=\"has-text-align-center\" data-align=\"center\">Past\u0101v\u012bgi<\/td><td class=\"has-text-align-center\" data-align=\"center\">HTML<\/td><\/tr><\/tbody><\/table><\/figure>\n\n\n\n<p>Preferences s\u012bkdatnes<\/p>\n\n\n\n<p>Preferences s\u012bkfaili \u013cauj t\u012bmek\u013ca vietnei atcer\u0113ties inform\u0101ciju, kas maina veidu, k\u0101 vietne darbojas vai izskat\u0101s, piem\u0113ram, ieteicamo valodu vai re\u0123ionu, kur\u0101 atrodaties.<\/p>\n\n\n\n<figure class=\"wp-block-table\"><table><tbody><tr><td class=\"has-text-align-center\" data-align=\"center\">Nosaukums<\/td><td class=\"has-text-align-center\" data-align=\"center\">Izvietot\u0101js<\/td><td class=\"has-text-align-center\" data-align=\"center\">Nol\u016bks<\/td><td class=\"has-text-align-center\" data-align=\"center\">Termi\u0146\u0161<\/td><td class=\"has-text-align-center\" data-align=\"center\">Veids<\/td><\/tr><tr><td class=\"has-text-align-center\" data-align=\"center\">pll_language<\/td><td class=\"has-text-align-center\" data-align=\"center\">vizii.lv<\/td><td class=\"has-text-align-center\" data-align=\"center\">\u0160\u012b s\u012bkdatne tiek izmantota, lai <br>noteiktu apmekl\u0113t\u0101ja v\u0113lamo <br>valodu, un, ja iesp\u0113jams, t\u0101 <br>attiec\u012bgi iestata valodu<br>t\u012bmek\u013ca vietn\u0113.<\/td><td class=\"has-text-align-center\" data-align=\"center\">1 gads<\/td><td class=\"has-text-align-center\" data-align=\"center\">HTTP<\/td><\/tr><\/tbody><\/table><\/figure>\n\n\n\n<p>Statistikas s\u012bkdatnes<\/p>\n\n\n\n<p>Statistikas s\u012bkdatnes \u013cauj uzskait\u012bt apmekl\u0113jumu skaitu un avotus, lai m\u0113s var\u0113tu izm\u0113r\u012bt un uzlabot savas t\u012bmek\u013ca vietnes darb\u012bbu. T\u0101s mums pal\u012bdz saprast, kuras lapas ir visiecien\u012bt\u0101k\u0101s un kuras tiek izmantotas visret\u0101k, k\u0101 ar\u012b to, k\u0101 apmekl\u0113t\u0101ji p\u0101rvietojas m\u016bsu vietn\u0113. Ja atteiksieties no \u0161o s\u012bkdat\u0146u izmanto\u0161anas, j\u016bsu apmekl\u0113jums netiks iek\u013cauts m\u016bsu statistik\u0101, bet vienlaikus neierobe\u017eos j\u016bsu darb\u012bbas m\u016bsu t\u012bmek\u013ca vietn\u0113.<\/p>\n\n\n\n<figure class=\"wp-block-table\"><table><tbody><tr><td class=\"has-text-align-center\" data-align=\"center\"><strong>Nosaukums<\/strong><\/td><td class=\"has-text-align-center\" data-align=\"center\"><strong>Izvietot\u0101js<\/strong><\/td><td class=\"has-text-align-center\" data-align=\"center\"><strong>Nol\u016bks<\/strong><\/td><td class=\"has-text-align-center\" data-align=\"center\"><strong>Termi\u0146\u0161<\/strong><\/td><td class=\"has-text-align-center\" data-align=\"center\"><strong>Veids<\/strong><\/td><\/tr><tr><td class=\"has-text-align-center\" data-align=\"center\">_ga<\/td><td class=\"has-text-align-center\" data-align=\"center\">vizii.lv<\/td><td class=\"has-text-align-center\" data-align=\"center\">Re\u0123istr\u0113 unik\u0101lu ID, <br>ko izmanto, lai <br>\u0123ener\u0113tu statistikas <br>datus par to, k\u0101<br>apmekl\u0113t\u0101js<br>izmanto vietni.<\/td><td class=\"has-text-align-center\" data-align=\"center\">2 gadi<\/td><td class=\"has-text-align-center\" data-align=\"center\">HTTP<\/td><\/tr><tr><td class=\"has-text-align-center\" data-align=\"center\">_gat<\/td><td class=\"has-text-align-center\" data-align=\"center\">vizii.lv<\/td><td class=\"has-text-align-center\" data-align=\"center\">To izmanto Google <br>Analytics, lai<br>samazin\u0101tu <br>piepras\u012bjumu<br>\u0101trumu<\/td><td class=\"has-text-align-center\" data-align=\"center\">1 diena<\/td><td class=\"has-text-align-center\" data-align=\"center\">HTTP<\/td><\/tr><tr><td class=\"has-text-align-center\" data-align=\"center\"><em>ga<\/em>#<\/td><td class=\"has-text-align-center\" data-align=\"center\">vizii.lv<\/td><td class=\"has-text-align-center\" data-align=\"center\">\u201cGoogle Analytics\u201d <br>to lieto, lai apkopotu <br>datus par to, cik rei\u017eu<br>lietot\u0101js ir<br>apmekl\u0113jis vietni, k\u0101 <br>ar\u012b par pirm\u0101 un p\u0113d\u0113j\u0101<br>apmekl\u0113juma<br>datumiem.<\/td><td class=\"has-text-align-center\" data-align=\"center\">2 gadi<\/td><td class=\"has-text-align-center\" data-align=\"center\">HTTP<\/td><\/tr><tr><td class=\"has-text-align-center\" data-align=\"center\">_gid<\/td><td class=\"has-text-align-center\" data-align=\"center\">vizii.lv<\/td><td class=\"has-text-align-center\" data-align=\"center\">Re\u0123istr\u0113 unik\u0101lu ID, <br>ko izmanto, lai <br>\u0123ener\u0113tu statistikas <br>datus par to, k\u0101<br>apmekl\u0113t\u0101js<br>izmanto vietni.<\/td><td class=\"has-text-align-center\" data-align=\"center\">1 diena<\/td><td class=\"has-text-align-center\" data-align=\"center\">HTTP<\/td><\/tr><\/tbody><\/table><\/figure>\n\n\n\n<h4 class=\"wp-block-heading\">6.&nbsp;&nbsp;&nbsp;&nbsp;&nbsp; Inform\u0101cija par to, k\u0101 varat kontrol\u0113t par sevi iev\u0101kt\u0101s s\u012bkdatnes<\/h4>\n\n\n\n<p>Inform\u0101cija par personas doto piekri\u0161anu s\u012bkdat\u0146u izveidei<\/p>\n\n\n\n<p>Apmekl\u0113jot \u0161o vietni, lietot\u0101jam tiek att\u0113lots logs ar zi\u0146ojumu par to, ka vietn\u0113 tiek izmantotas s\u012bkdatnes. Ja J\u016bs noklik\u0161\u0137in\u0101siet uz opcijas \u201cPiekr\u012btu\u201d, tas noz\u012bm\u0113s, ka esat piekritis vis\u0101m s\u012bkdatn\u0113m, kas atrodas t\u012bmek\u013ca vietn\u0113 un J\u016bs apstiprin\u0101t, ka esat iepazinies ar inform\u0101ciju par s\u012bkdatn\u0113m, to izmanto\u0161anas nol\u016bkiem, gad\u012bjumiem, kad inform\u0101cija tiek nodota tre\u0161aj\u0101m person\u0101m.<\/p>\n\n\n\n<p>S\u012bkdat\u0146u noraid\u012b\u0161ana<\/p>\n\n\n\n<p>\u0160\u0101das izmai\u0146as\/izv\u0113le var ietekm\u0113t t\u012bmek\u013ca vietnes funkcionalit\u0101ti, un t\u0101 d\u0113\u013c jums var neb\u016bt iesp\u0113jams ieg\u016bt personaliz\u0113tus pied\u0101v\u0101jumus vai rekl\u0101mas.<\/p>\n\n\n\n<p>Ja v\u0113laties, lai j\u016bsu ier\u012bc\u0113 netiktu izmantotas s\u012bkdatnes, j\u016bs varat p\u0101rvald\u012bt s\u012bkdat\u0146u izv\u0113les atz\u012bm\u0113jot to t\u012bmek\u013ca vietn\u0113 izmantotaj\u0101 s\u012bkdat\u0146u sarakst\u0101 sada\u013c\u0101 \u201cPie\u0146emt\/noraid\u012bt\u201d.<\/p>\n\n\n\n<p>Vair\u0101k inform\u0101cijas par to, k\u0101 konfigur\u0113t savas ier\u012bces interneta p\u0101rl\u016bkprogrammu, j\u016bs varat atrast zem\u0101k nor\u0101d\u012btaj\u0101s Interneta p\u0101rl\u016bkprogrammu m\u0101jaslap\u0101s:<\/p>\n\n\n\n<p>\u2022 Chrome: <a href=\"https:\/\/support.google.com\/chrome\/answer\/95647?hl=en\" target=\"_blank\" rel=\"noreferrer noopener\">Google Chrome Help Center<\/a>,<\/p>\n\n\n\n<p>\u2022 Firefox: <a href=\"https:\/\/support.mozilla.org\/en-US\/kb\/cookies-information-websites-store-on-your-computer\" target=\"_blank\" rel=\"noreferrer noopener\">Cookies \u2013 Information that websites store on your computer<\/a>,<\/p>\n\n\n\n<p>\u2022 Safari: <a href=\"https:\/\/support.apple.com\/lv-lv\/guide\/safari\/sfri11471\/mac\" target=\"_blank\" rel=\"noreferrer noopener\">Manage cookies and website data using Safari<\/a>,<\/p>\n\n\n\n<p>\u2022 Edge: <a href=\"https:\/\/support.microsoft.com\/lv-lv\/windows\/microsoft-edge-p%C4%81rl%C5%ABko%C5%A1anas-dati-un-konfidencialit%C4%81te-bb8174ba-9d73-dcf2-9b4a-c582b4e640dd\" target=\"_blank\" rel=\"noreferrer noopener\">Microsoft Edge, browsing data, and privacy<\/a>,<\/p>\n\n\n\n<p>\u2022 Opera: <a href=\"https:\/\/blogs.opera.com\/news\/2015\/08\/how-to-manage-cookies-in-opera\/\" target=\"_blank\" rel=\"noreferrer noopener\">Security and Privacy in Opera (Referrals, redirections, and cookies)<\/a>.<\/p>\n\n\n\n<p>Pla\u0161\u0101k&nbsp;&nbsp; par&nbsp;&nbsp; s\u012bkdat\u0146u&nbsp;&nbsp; izmanto\u0161anas&nbsp;&nbsp; ierobe\u017eo\u0161anu&nbsp;&nbsp; un&nbsp;&nbsp; dz\u0113\u0161anu&nbsp;&nbsp; lasiet&nbsp;&nbsp;&nbsp;&nbsp;&nbsp;&nbsp;&nbsp;&nbsp;&nbsp;&nbsp;&nbsp; \u0161eit:<\/p>\n\n\n\n<p><a href=\"https:\/\/www.aboutcookies.org\/.\">https:\/\/www.aboutcookies.org\/.<\/a><\/p>\n\n\n\n<p>S\u012bkdat\u0146u blo\u0137\u0113\u0161ana<\/p>\n\n\n\n<p>Jebkur\u0101 br\u012bd\u012b varat main\u012bt to, k\u0101das s\u012bkdatnes \u013caujat mums izmantot, vai atteikties no s\u012bkdat\u0146u izmanto\u0161anas. J\u016bs varat atteikties no vis\u0101m s\u012bkdatn\u0113m, iz\u0146emot &#8220;nepiecie\u0161am\u0101s&#8221;.<\/p>\n\n\n\n<p>Ja v\u0113laties dot piekri\u0161anu vai atsaukt\/main\u012bt savu piekri\u0161anu statistikas un<\/p>\n\n\n\n<p>m\u0101rketinga s\u012bkdatn\u0113m, noklik\u0161\u0137iniet uz attiec\u012bg\u0101s pogas:<\/p>\n\n\n\n<div class=\"img-w-335\">\n<style>.img-w-335 img {width: 335px;}<\/style>\n\n\n<div id=\"image-block_63f4d17217724\" class=\"text-content__image\">\n            <img decoding=\"async\" src=\"https:\/\/vizii.lv\/urban\/wp-content\/uploads\/sites\/2\/2023\/03\/screenshot_1.jpg\" alt=\"\" \/>\n    <\/div>\n\n\n<\/div>\n\n\n\n<h4 class=\"wp-block-heading\">7.&nbsp;&nbsp; Politikas izmai\u0146as<\/h4>\n\n\n\n<p>Uz\u0146\u0113mumam ir ties\u012bbas jebkur\u0101 br\u012bd\u012b izmain\u012bt \u0161o s\u012bkdat\u0146u politiku. Visas izmai\u0146as s\u012bkdat\u0146u izmanto\u0161anas politik\u0101 tiks public\u0113tas https:\/\/vizii.lv\/urban\/.<\/p>\n\n\n\n<h4 class=\"wp-block-heading\">8.&nbsp;&nbsp; Vizii Urban kontaktinform\u0101cija<\/h4>\n\n\n\n<p>SIA \u201cVizii Urban\u201d<\/p>\n\n\n\n<p>Re\u0123istr\u0101cijas nr. 40203413376<\/p>\n\n\n\n<p>Adrese: Vietalvas iela 5B, LV-1009, R\u012bga, Latvija T\u0101lr. 67202022<\/p>\n\n\n\n<p>E-pasts: <a href=\"mailto:info@viziiurban.lv\">info@viziiurban.lv<\/a><\/p>\n","protected":false},"excerpt":{"rendered":"<p>1.&nbsp;&nbsp;&nbsp;&nbsp;&nbsp; Visp\u0101r\u012bg\u0101 inform\u0101cija Sabiedr\u012bba ar ierobe\u017eotu atbild\u012bbu \u201cVizii Urban\u201d , re\u0123istr\u0101cijas Nr. 40203413376, juridisk\u0101 adrese: Vietalvas iela 5B, LV-1009, R\u012bga, Latvija, elektronisk\u0101 pasta adrese: info@viziiurban.lv, ap\u0146emas nodro\u0161in\u0101t Vizii Urban t\u012bmek\u013ca vietnes https:\/\/vizii.lv\/urban\/ (turpm\u0101k- vietne) un t\u0101s apmekl\u0113t\u0101ju personisk\u0101s inform\u0101cijas dro\u0161\u012bbu un vi\u0146u ties\u012bbu aizsardz\u012bbu, apmekl\u0113jot vietni un iepaz\u012bstoties ar t\u0101s saturu. 2.&nbsp;&nbsp;&nbsp;&nbsp;&nbsp; Kas ir s\u012bkdatne? [&hellip;]<\/p>\n","protected":false},"author":2,"featured_media":0,"parent":0,"menu_order":0,"comment_status":"closed","ping_status":"closed","template":"","meta":{"_acf_changed":false,"inline_featured_image":false,"footnotes":""},"class_list":["post-4413","page","type-page","status-publish","hentry"],"acf":[],"yoast_head":"<!-- This site is optimized with the Yoast SEO plugin v27.0 - https:\/\/yoast.com\/product\/yoast-seo-wordpress\/ -->\n<title>S\u012bkdat\u0146u politika - Urban<\/title>\n<meta name=\"robots\" content=\"index, follow, max-snippet:-1, max-image-preview:large, max-video-preview:-1\" \/>\n<link rel=\"canonical\" href=\"https:\/\/vizii.lv\/urban\/sikdatnu-politika\/\" \/>\n<meta property=\"og:locale\" content=\"en_US\" \/>\n<meta property=\"og:type\" content=\"article\" \/>\n<meta property=\"og:title\" content=\"S\u012bkdat\u0146u politika - Urban\" \/>\n<meta property=\"og:description\" content=\"1.&nbsp;&nbsp;&nbsp;&nbsp;&nbsp; Visp\u0101r\u012bg\u0101 inform\u0101cija Sabiedr\u012bba ar ierobe\u017eotu atbild\u012bbu \u201cVizii Urban\u201d , re\u0123istr\u0101cijas Nr. 40203413376, juridisk\u0101 adrese: Vietalvas iela 5B, LV-1009, R\u012bga, Latvija, elektronisk\u0101 pasta adrese: info@viziiurban.lv, ap\u0146emas nodro\u0161in\u0101t Vizii Urban t\u012bmek\u013ca vietnes https:\/\/vizii.lv\/urban\/ (turpm\u0101k- vietne) un t\u0101s apmekl\u0113t\u0101ju personisk\u0101s inform\u0101cijas dro\u0161\u012bbu un vi\u0146u ties\u012bbu aizsardz\u012bbu, apmekl\u0113jot vietni un iepaz\u012bstoties ar t\u0101s saturu. 2.&nbsp;&nbsp;&nbsp;&nbsp;&nbsp; Kas ir s\u012bkdatne? [&hellip;]\" \/>\n<meta property=\"og:url\" content=\"https:\/\/vizii.lv\/urban\/sikdatnu-politika\/\" \/>\n<meta property=\"og:site_name\" content=\"Urban\" \/>\n<meta property=\"article:modified_time\" content=\"2025-03-06T11:11:50+00:00\" \/>\n<meta name=\"twitter:card\" content=\"summary_large_image\" \/>\n<meta name=\"twitter:label1\" content=\"Est. reading time\" \/>\n\t<meta name=\"twitter:data1\" content=\"5 minutes\" \/>\n<script type=\"application\/ld+json\" class=\"yoast-schema-graph\">{\"@context\":\"https:\/\/schema.org\",\"@graph\":[{\"@type\":\"WebPage\",\"@id\":\"https:\/\/vizii.lv\/urban\/sikdatnu-politika\/\",\"url\":\"https:\/\/vizii.lv\/urban\/sikdatnu-politika\/\",\"name\":\"S\u012bkdat\u0146u politika - Urban\",\"isPartOf\":{\"@id\":\"https:\/\/vizii.lv\/urban\/#website\"},\"datePublished\":\"2023-03-16T11:59:06+00:00\",\"dateModified\":\"2025-03-06T11:11:50+00:00\",\"inLanguage\":\"en-US\",\"potentialAction\":[{\"@type\":\"ReadAction\",\"target\":[\"https:\/\/vizii.lv\/urban\/sikdatnu-politika\/\"]}]},{\"@type\":\"WebSite\",\"@id\":\"https:\/\/vizii.lv\/urban\/#website\",\"url\":\"https:\/\/vizii.lv\/urban\/\",\"name\":\"Urban\",\"description\":\"\",\"potentialAction\":[{\"@type\":\"SearchAction\",\"target\":{\"@type\":\"EntryPoint\",\"urlTemplate\":\"https:\/\/vizii.lv\/urban\/?s={search_term_string}\"},\"query-input\":{\"@type\":\"PropertyValueSpecification\",\"valueRequired\":true,\"valueName\":\"search_term_string\"}}],\"inLanguage\":\"en-US\"}]}<\/script>\n<!-- \/ Yoast SEO plugin. -->","yoast_head_json":{"title":"S\u012bkdat\u0146u politika - Urban","robots":{"index":"index","follow":"follow","max-snippet":"max-snippet:-1","max-image-preview":"max-image-preview:large","max-video-preview":"max-video-preview:-1"},"canonical":"https:\/\/vizii.lv\/urban\/sikdatnu-politika\/","og_locale":"en_US","og_type":"article","og_title":"S\u012bkdat\u0146u politika - Urban","og_description":"1.&nbsp;&nbsp;&nbsp;&nbsp;&nbsp; Visp\u0101r\u012bg\u0101 inform\u0101cija Sabiedr\u012bba ar ierobe\u017eotu atbild\u012bbu \u201cVizii Urban\u201d , re\u0123istr\u0101cijas Nr. 40203413376, juridisk\u0101 adrese: Vietalvas iela 5B, LV-1009, R\u012bga, Latvija, elektronisk\u0101 pasta adrese: info@viziiurban.lv, ap\u0146emas nodro\u0161in\u0101t Vizii Urban t\u012bmek\u013ca vietnes https:\/\/vizii.lv\/urban\/ (turpm\u0101k- vietne) un t\u0101s apmekl\u0113t\u0101ju personisk\u0101s inform\u0101cijas dro\u0161\u012bbu un vi\u0146u ties\u012bbu aizsardz\u012bbu, apmekl\u0113jot vietni un iepaz\u012bstoties ar t\u0101s saturu. 2.&nbsp;&nbsp;&nbsp;&nbsp;&nbsp; Kas ir s\u012bkdatne? [&hellip;]","og_url":"https:\/\/vizii.lv\/urban\/sikdatnu-politika\/","og_site_name":"Urban","article_modified_time":"2025-03-06T11:11:50+00:00","twitter_card":"summary_large_image","twitter_misc":{"Est. reading time":"5 minutes"},"schema":{"@context":"https:\/\/schema.org","@graph":[{"@type":"WebPage","@id":"https:\/\/vizii.lv\/urban\/sikdatnu-politika\/","url":"https:\/\/vizii.lv\/urban\/sikdatnu-politika\/","name":"S\u012bkdat\u0146u politika - Urban","isPartOf":{"@id":"https:\/\/vizii.lv\/urban\/#website"},"datePublished":"2023-03-16T11:59:06+00:00","dateModified":"2025-03-06T11:11:50+00:00","inLanguage":"en-US","potentialAction":[{"@type":"ReadAction","target":["https:\/\/vizii.lv\/urban\/sikdatnu-politika\/"]}]},{"@type":"WebSite","@id":"https:\/\/vizii.lv\/urban\/#website","url":"https:\/\/vizii.lv\/urban\/","name":"Urban","description":"","potentialAction":[{"@type":"SearchAction","target":{"@type":"EntryPoint","urlTemplate":"https:\/\/vizii.lv\/urban\/?s={search_term_string}"},"query-input":{"@type":"PropertyValueSpecification","valueRequired":true,"valueName":"search_term_string"}}],"inLanguage":"en-US"}]}},"_links":{"self":[{"href":"https:\/\/vizii.lv\/urban\/wp-json\/wp\/v2\/pages\/4413","targetHints":{"allow":["GET"]}}],"collection":[{"href":"https:\/\/vizii.lv\/urban\/wp-json\/wp\/v2\/pages"}],"about":[{"href":"https:\/\/vizii.lv\/urban\/wp-json\/wp\/v2\/types\/page"}],"author":[{"embeddable":true,"href":"https:\/\/vizii.lv\/urban\/wp-json\/wp\/v2\/users\/2"}],"replies":[{"embeddable":true,"href":"https:\/\/vizii.lv\/urban\/wp-json\/wp\/v2\/comments?post=4413"}],"version-history":[{"count":6,"href":"https:\/\/vizii.lv\/urban\/wp-json\/wp\/v2\/pages\/4413\/revisions"}],"predecessor-version":[{"id":4654,"href":"https:\/\/vizii.lv\/urban\/wp-json\/wp\/v2\/pages\/4413\/revisions\/4654"}],"wp:attachment":[{"href":"https:\/\/vizii.lv\/urban\/wp-json\/wp\/v2\/media?parent=4413"}],"curies":[{"name":"wp","href":"https:\/\/api.w.org\/{rel}","templated":true}]}}