{"id":20,"date":"2021-01-12T09:52:51","date_gmt":"2021-01-12T09:52:51","guid":{"rendered":"https:\/\/cleanr.lv?page_id=20"},"modified":"2025-07-29T13:21:12","modified_gmt":"2025-07-29T13:21:12","slug":"sakumlapa","status":"publish","type":"page","link":"https:\/\/vizii.lv\/vizii\/","title":{"rendered":"S\u0101kumlapa"},"content":{"rendered":"","protected":false},"excerpt":{"rendered":"","protected":false},"author":1,"featured_media":0,"parent":0,"menu_order":4,"comment_status":"closed","ping_status":"closed","template":"front-page.php","meta":{"_acf_changed":false,"inline_featured_image":false,"footnotes":""},"class_list":["post-20","page","type-page","status-publish","hentry"],"acf":[],"yoast_head":"<!-- This site is optimized with the Yoast SEO plugin v27.0 - https:\/\/yoast.com\/product\/yoast-seo-wordpress\/ -->\n<title>Telpu uzkop\u0161ana - VIZII<\/title>\n<meta name=\"description\" content=\"Vizii ir komerctelpu uzkop\u0161anas nozares l\u012bderis ar pieredzi, kompetenci, stabilit\u0101ti, kvalit\u0101ti un izpratni gan par nozari, gan klienta vajadz\u012bb\u0101m\" \/>\n<meta name=\"robots\" content=\"index, follow, max-snippet:-1, max-image-preview:large, max-video-preview:-1\" \/>\n<link rel=\"canonical\" href=\"https:\/\/vizii.lv\/vizii\/\" \/>\n<meta property=\"og:locale\" content=\"en_US\" \/>\n<meta property=\"og:type\" content=\"article\" \/>\n<meta property=\"og:title\" content=\"Telpu uzkop\u0161ana - VIZII\" \/>\n<meta property=\"og:description\" content=\"Vizii ir komerctelpu uzkop\u0161anas nozares l\u012bderis ar pieredzi, kompetenci, stabilit\u0101ti, kvalit\u0101ti un izpratni gan par nozari, gan klienta vajadz\u012bb\u0101m\" \/>\n<meta property=\"og:url\" content=\"https:\/\/vizii.lv\/vizii\/\" \/>\n<meta property=\"og:site_name\" content=\"Vizii\" \/>\n<meta property=\"article:modified_time\" content=\"2025-07-29T13:21:12+00:00\" \/>\n<meta name=\"twitter:card\" content=\"summary_large_image\" \/>\n<script type=\"application\/ld+json\" class=\"yoast-schema-graph\">{\"@context\":\"https:\/\/schema.org\",\"@graph\":[{\"@type\":\"WebPage\",\"@id\":\"https:\/\/vizii.lv\/vizii\/\",\"url\":\"https:\/\/vizii.lv\/vizii\/\",\"name\":\"Telpu uzkop\u0161ana - VIZII\",\"isPartOf\":{\"@id\":\"https:\/\/vizii.lv\/vizii\/#website\"},\"datePublished\":\"2021-01-12T09:52:51+00:00\",\"dateModified\":\"2025-07-29T13:21:12+00:00\",\"description\":\"Vizii ir komerctelpu uzkop\u0161anas nozares l\u012bderis ar pieredzi, kompetenci, stabilit\u0101ti, kvalit\u0101ti un izpratni gan par nozari, gan klienta vajadz\u012bb\u0101m\",\"inLanguage\":\"en-US\",\"potentialAction\":[{\"@type\":\"ReadAction\",\"target\":[\"https:\/\/vizii.lv\/vizii\/\"]}]},{\"@type\":\"WebSite\",\"@id\":\"https:\/\/vizii.lv\/vizii\/#website\",\"url\":\"https:\/\/vizii.lv\/vizii\/\",\"name\":\"Vizii\",\"description\":\"\",\"potentialAction\":[{\"@type\":\"SearchAction\",\"target\":{\"@type\":\"EntryPoint\",\"urlTemplate\":\"https:\/\/vizii.lv\/vizii\/?s={search_term_string}\"},\"query-input\":{\"@type\":\"PropertyValueSpecification\",\"valueRequired\":true,\"valueName\":\"search_term_string\"}}],\"inLanguage\":\"en-US\"}]}<\/script>\n<!-- \/ Yoast SEO plugin. -->","yoast_head_json":{"title":"Telpu uzkop\u0161ana - VIZII","description":"Vizii ir komerctelpu uzkop\u0161anas nozares l\u012bderis ar pieredzi, kompetenci, stabilit\u0101ti, kvalit\u0101ti un izpratni gan par nozari, gan klienta vajadz\u012bb\u0101m","robots":{"index":"index","follow":"follow","max-snippet":"max-snippet:-1","max-image-preview":"max-image-preview:large","max-video-preview":"max-video-preview:-1"},"canonical":"https:\/\/vizii.lv\/vizii\/","og_locale":"en_US","og_type":"article","og_title":"Telpu uzkop\u0161ana - VIZII","og_description":"Vizii ir komerctelpu uzkop\u0161anas nozares l\u012bderis ar pieredzi, kompetenci, stabilit\u0101ti, kvalit\u0101ti un izpratni gan par nozari, gan klienta vajadz\u012bb\u0101m","og_url":"https:\/\/vizii.lv\/vizii\/","og_site_name":"Vizii","article_modified_time":"2025-07-29T13:21:12+00:00","twitter_card":"summary_large_image","schema":{"@context":"https:\/\/schema.org","@graph":[{"@type":"WebPage","@id":"https:\/\/vizii.lv\/vizii\/","url":"https:\/\/vizii.lv\/vizii\/","name":"Telpu uzkop\u0161ana - VIZII","isPartOf":{"@id":"https:\/\/vizii.lv\/vizii\/#website"},"datePublished":"2021-01-12T09:52:51+00:00","dateModified":"2025-07-29T13:21:12+00:00","description":"Vizii ir komerctelpu uzkop\u0161anas nozares l\u012bderis ar pieredzi, kompetenci, stabilit\u0101ti, kvalit\u0101ti un izpratni gan par nozari, gan klienta vajadz\u012bb\u0101m","inLanguage":"en-US","potentialAction":[{"@type":"ReadAction","target":["https:\/\/vizii.lv\/vizii\/"]}]},{"@type":"WebSite","@id":"https:\/\/vizii.lv\/vizii\/#website","url":"https:\/\/vizii.lv\/vizii\/","name":"Vizii","description":"","potentialAction":[{"@type":"SearchAction","target":{"@type":"EntryPoint","urlTemplate":"https:\/\/vizii.lv\/vizii\/?s={search_term_string}"},"query-input":{"@type":"PropertyValueSpecification","valueRequired":true,"valueName":"search_term_string"}}],"inLanguage":"en-US"}]}},"_links":{"self":[{"href":"https:\/\/vizii.lv\/vizii\/wp-json\/wp\/v2\/pages\/20","targetHints":{"allow":["GET"]}}],"collection":[{"href":"https:\/\/vizii.lv\/vizii\/wp-json\/wp\/v2\/pages"}],"about":[{"href":"https:\/\/vizii.lv\/vizii\/wp-json\/wp\/v2\/types\/page"}],"author":[{"embeddable":true,"href":"https:\/\/vizii.lv\/vizii\/wp-json\/wp\/v2\/users\/1"}],"replies":[{"embeddable":true,"href":"https:\/\/vizii.lv\/vizii\/wp-json\/wp\/v2\/comments?post=20"}],"version-history":[{"count":80,"href":"https:\/\/vizii.lv\/vizii\/wp-json\/wp\/v2\/pages\/20\/revisions"}],"predecessor-version":[{"id":4711,"href":"https:\/\/vizii.lv\/vizii\/wp-json\/wp\/v2\/pages\/20\/revisions\/4711"}],"wp:attachment":[{"href":"https:\/\/vizii.lv\/vizii\/wp-json\/wp\/v2\/media?parent=20"}],"curies":[{"name":"wp","href":"https:\/\/api.w.org\/{rel}","templated":true}]}}