{"id":790,"date":"2021-02-03T12:37:56","date_gmt":"2021-02-03T12:37:56","guid":{"rendered":"https:\/\/cleanr.lv\/?page_id=790"},"modified":"2026-05-06T11:01:56","modified_gmt":"2026-05-06T11:01:56","slug":"komanda-2","status":"publish","type":"page","link":"https:\/\/vizii.lv\/vizii\/komanda-2\/","title":{"rendered":"Komanda"},"content":{"rendered":"","protected":false},"excerpt":{"rendered":"","protected":false},"author":1,"featured_media":0,"parent":0,"menu_order":0,"comment_status":"closed","ping_status":"closed","template":"template-team.php","meta":{"_acf_changed":false,"inline_featured_image":false,"footnotes":""},"class_list":["post-790","page","type-page","status-publish","hentry"],"acf":[],"yoast_head":"<!-- This site is optimized with the Yoast SEO plugin v27.6 - https:\/\/yoast.com\/product\/yoast-seo-wordpress\/ -->\n<title>Komanda - Vizii<\/title>\n<meta name=\"description\" content=\"Vizii komanda - ATBILD\u012aBA, PROFESIONALIT\u0100TE un akcents uz INOVAT\u012aVIEM RISIN\u0100JUMIEM ir Vizii komandas pamata v\u0113rt\u012bbas.\" \/>\n<meta name=\"robots\" content=\"index, follow, max-snippet:-1, max-image-preview:large, max-video-preview:-1\" \/>\n<link rel=\"canonical\" href=\"https:\/\/vizii.lv\/vizii\/komanda-2\/\" \/>\n<meta property=\"og:locale\" content=\"en_US\" \/>\n<meta property=\"og:type\" content=\"article\" \/>\n<meta property=\"og:title\" content=\"Komanda - Vizii\" \/>\n<meta property=\"og:description\" content=\"Vizii komanda - ATBILD\u012aBA, PROFESIONALIT\u0100TE un akcents uz INOVAT\u012aVIEM RISIN\u0100JUMIEM ir Vizii komandas pamata v\u0113rt\u012bbas.\" \/>\n<meta property=\"og:url\" content=\"https:\/\/vizii.lv\/vizii\/komanda-2\/\" \/>\n<meta property=\"og:site_name\" content=\"Vizii\" \/>\n<meta property=\"article:modified_time\" content=\"2026-05-06T11:01:56+00:00\" \/>\n<meta name=\"twitter:card\" content=\"summary_large_image\" \/>\n<script type=\"application\/ld+json\" class=\"yoast-schema-graph\">{\"@context\":\"https:\\\/\\\/schema.org\",\"@graph\":[{\"@type\":\"WebPage\",\"@id\":\"https:\\\/\\\/vizii.lv\\\/vizii\\\/komanda-2\\\/\",\"url\":\"https:\\\/\\\/vizii.lv\\\/vizii\\\/komanda-2\\\/\",\"name\":\"Komanda - Vizii\",\"isPartOf\":{\"@id\":\"https:\\\/\\\/vizii.lv\\\/vizii\\\/#website\"},\"datePublished\":\"2021-02-03T12:37:56+00:00\",\"dateModified\":\"2026-05-06T11:01:56+00:00\",\"description\":\"Vizii komanda - ATBILD\u012aBA, PROFESIONALIT\u0100TE un akcents uz INOVAT\u012aVIEM RISIN\u0100JUMIEM ir Vizii komandas pamata v\u0113rt\u012bbas.\",\"inLanguage\":\"en-US\",\"potentialAction\":[{\"@type\":\"ReadAction\",\"target\":[\"https:\\\/\\\/vizii.lv\\\/vizii\\\/komanda-2\\\/\"]}]},{\"@type\":\"WebSite\",\"@id\":\"https:\\\/\\\/vizii.lv\\\/vizii\\\/#website\",\"url\":\"https:\\\/\\\/vizii.lv\\\/vizii\\\/\",\"name\":\"Vizii\",\"description\":\"\",\"potentialAction\":[{\"@type\":\"SearchAction\",\"target\":{\"@type\":\"EntryPoint\",\"urlTemplate\":\"https:\\\/\\\/vizii.lv\\\/vizii\\\/?s={search_term_string}\"},\"query-input\":{\"@type\":\"PropertyValueSpecification\",\"valueRequired\":true,\"valueName\":\"search_term_string\"}}],\"inLanguage\":\"en-US\"}]}<\/script>\n<!-- \/ Yoast SEO plugin. -->","yoast_head_json":{"title":"Komanda - Vizii","description":"Vizii komanda - ATBILD\u012aBA, PROFESIONALIT\u0100TE un akcents uz INOVAT\u012aVIEM RISIN\u0100JUMIEM ir Vizii komandas pamata v\u0113rt\u012bbas.","robots":{"index":"index","follow":"follow","max-snippet":"max-snippet:-1","max-image-preview":"max-image-preview:large","max-video-preview":"max-video-preview:-1"},"canonical":"https:\/\/vizii.lv\/vizii\/komanda-2\/","og_locale":"en_US","og_type":"article","og_title":"Komanda - Vizii","og_description":"Vizii komanda - ATBILD\u012aBA, PROFESIONALIT\u0100TE un akcents uz INOVAT\u012aVIEM RISIN\u0100JUMIEM ir Vizii komandas pamata v\u0113rt\u012bbas.","og_url":"https:\/\/vizii.lv\/vizii\/komanda-2\/","og_site_name":"Vizii","article_modified_time":"2026-05-06T11:01:56+00:00","twitter_card":"summary_large_image","schema":{"@context":"https:\/\/schema.org","@graph":[{"@type":"WebPage","@id":"https:\/\/vizii.lv\/vizii\/komanda-2\/","url":"https:\/\/vizii.lv\/vizii\/komanda-2\/","name":"Komanda - Vizii","isPartOf":{"@id":"https:\/\/vizii.lv\/vizii\/#website"},"datePublished":"2021-02-03T12:37:56+00:00","dateModified":"2026-05-06T11:01:56+00:00","description":"Vizii komanda - ATBILD\u012aBA, PROFESIONALIT\u0100TE un akcents uz INOVAT\u012aVIEM RISIN\u0100JUMIEM ir Vizii komandas pamata v\u0113rt\u012bbas.","inLanguage":"en-US","potentialAction":[{"@type":"ReadAction","target":["https:\/\/vizii.lv\/vizii\/komanda-2\/"]}]},{"@type":"WebSite","@id":"https:\/\/vizii.lv\/vizii\/#website","url":"https:\/\/vizii.lv\/vizii\/","name":"Vizii","description":"","potentialAction":[{"@type":"SearchAction","target":{"@type":"EntryPoint","urlTemplate":"https:\/\/vizii.lv\/vizii\/?s={search_term_string}"},"query-input":{"@type":"PropertyValueSpecification","valueRequired":true,"valueName":"search_term_string"}}],"inLanguage":"en-US"}]}},"_links":{"self":[{"href":"https:\/\/vizii.lv\/vizii\/wp-json\/wp\/v2\/pages\/790","targetHints":{"allow":["GET"]}}],"collection":[{"href":"https:\/\/vizii.lv\/vizii\/wp-json\/wp\/v2\/pages"}],"about":[{"href":"https:\/\/vizii.lv\/vizii\/wp-json\/wp\/v2\/types\/page"}],"author":[{"embeddable":true,"href":"https:\/\/vizii.lv\/vizii\/wp-json\/wp\/v2\/users\/1"}],"replies":[{"embeddable":true,"href":"https:\/\/vizii.lv\/vizii\/wp-json\/wp\/v2\/comments?post=790"}],"version-history":[{"count":73,"href":"https:\/\/vizii.lv\/vizii\/wp-json\/wp\/v2\/pages\/790\/revisions"}],"predecessor-version":[{"id":4857,"href":"https:\/\/vizii.lv\/vizii\/wp-json\/wp\/v2\/pages\/790\/revisions\/4857"}],"wp:attachment":[{"href":"https:\/\/vizii.lv\/vizii\/wp-json\/wp\/v2\/media?parent=790"}],"curies":[{"name":"wp","href":"https:\/\/api.w.org\/{rel}","templated":true}]}}